{"id":2409,"date":"2020-03-28T10:58:08","date_gmt":"2020-03-28T14:58:08","guid":{"rendered":"https:\/\/sts.perronmedia.com\/planning-and-strategy\/donnees-concurentielles\/"},"modified":"2020-10-17T21:28:33","modified_gmt":"2020-10-18T01:28:33","slug":"competitive-intelligence","status":"publish","type":"page","link":"https:\/\/perronmedia.com\/en\/strategy\/competitive-intelligence\/","title":{"rendered":"Competitive Intelligence"},"content":{"rendered":"\r\n\t<a href=\"#services\" target=\"_self\" rel=\"nofollow noopener noreferrer\"><\/a> \r\n\t\tApprenez en plus au sujet de nos services\t\t\t\r\n<h1>\r\n\t\tDonn\u00e9es concurrentielles\r\n\t<\/h1>\r\n\t\t<h3>Analyze et strat\u00e9gie<\/h3>\t\t\r\n\t\t\t<p>Vous avez besoin d&#8217;aide avec la gestion de votre site web? Nos forfaits de gestion vous donne acc\u00e8s \u00e0 une ressource experte pour accomplir une vari\u00e9t\u00e9 de t\u00e2ches sur votre site web tels que la gestion de contenu, la mise-\u00e0-jour ou la sauvegarde du site et le soutien technique.<\/p>\r\n\t\t\t<a href=\"#forfaits\" target=\"_self\" role=\"button\" rel=\"nofollow noopener noreferrer\">\r\n\t\t\t\t\t\t\tVoir les forfaits\r\n\t\t\t\t\t<\/a>\r\n<h2>\r\n\t\tAssurez le bon fonctionnement de votre site WordPress\r\n\t<\/h2>\r\n\t\t\t\t<img decoding=\"async\" src=\"https:\/\/perronmedia.com\/wp-content\/uploads\/perron-media-security.png\" alt=\"perron-media-security\" title=\"perron-media-security\" itemprop=\"image\"\/>\r\n\t\t\t<h3>S\u00e9curit\u00e9 active<\/h3>\t\t\t\r\n\t\t\t\t<p>Assurez le bon fonctionnement de votre site avec tels que les mises-\u00e0-jour et la sauvegarde du site, l&#8217;optimisation la et s\u00e9curisation.<\/p>\r\n\t\t\t\t<img decoding=\"async\" src=\"https:\/\/perronmedia.com\/wp-content\/uploads\/perron-media-coding-development.png\" alt=\"perron-media-coding-development\" title=\"perron-media-coding-development\" itemprop=\"image\"\/>\r\n\t\t\t<h3>Mises \u00e0 jour v\u00e9rifi\u00e9es<\/h3>\t\t\t\r\n\t\t\t\t<p>Assurez le bon fonctionnement de votre site avec tels que les mises-\u00e0-jour et la sauvegarde du site, l&#8217;optimisation la et s\u00e9curisation.<\/p>\r\n\t\t\t\t<img decoding=\"async\" src=\"https:\/\/perronmedia.com\/wp-content\/uploads\/perron-media-integration.png\" alt=\"perron-media-integration\" title=\"perron-media-integration\" itemprop=\"image\"\/>\r\n\t\t\t<h3>Sauvegarde automatis\u00e9e<\/h3>\t\t\t\r\n\t\t\t\t<p>Assurez le bon fonctionnement de votre site avec tels que les mises-\u00e0-jour et la sauvegarde du site, l&#8217;optimisation la et s\u00e9curisation.<\/p>\r\n\t\t\t\t<img decoding=\"async\" src=\"https:\/\/perronmedia.com\/wp-content\/uploads\/perron-media-performance.png\" alt=\"perron-media-performance\" title=\"perron-media-performance\" itemprop=\"image\"\/>\r\n\t\t\t<h3>Optimisation technique<\/h3>\t\t\t\r\n\t\t\t\t<p>Assurez le bon fonctionnement de votre site avec tels que les mises-\u00e0-jour et la sauvegarde du site, l&#8217;optimisation la et s\u00e9curisation.<\/p>\r\n<h2>\r\n\t\tUn service expert selon vos besoins\r\n\t<\/h2>\r\n\t<p>Payez seulement pour ce que vous avez de besoin.<\/p>\r\n\t\t\t<h5>Annuel\t\t\t<\/h5>\r\n\t\t\t<!-- Display Switch -->\r\n\t\t\t<label><input type=\"checkbox\" ><\/label>\r\n\t\t\t<h5>Mensuel<\/h5>\r\n\t\t\t<p>\u00c9conomisez 30% avec un abonnement annuel.<\/p>\r\n\t\t\t<p>\u00c9conomisez 30% avec un abonnement annuel.<\/p>\r\n\t<p>Besoin de plus de cr\u00e9dits? , <strong><a href=\"\" title=\"Contactez-nous d\u00e8s maintenant\">Contactez-nous d\u00e8s maintenant<\/a><\/strong> pour discuter d&#8217;un forfait personnalis\u00e9.<\/p>\r\n\t\t\t\t<h4>R\u00e9f\u00e9rencement<\/h4>\r\n\t\t\t\t<h2>\r\n\t\t\t\t\t$99\t\t\t\t\t\t\t\t\t<\/h2>\r\n\t\t\t\t<ul>\r\n\t\t\t\t\t\t\t\t\t\t\t\t\t\t\t\t\t\t<li>\r\n\t\t\t\t\t\t\t\tTout dans le forfait Essentiel\t\t\t\t\t\t<\/li>\r\n\t\t\t\t\t\t\t\t\t\t\t\t\t\t\t\t\t\t\t\t\t\t\t\t\t<li>\r\n\t\t\t\t\t\t\t\tForfait de r\u00e9f\u00e9rencement SEO+\t\t\t\t\t\t<\/li>\r\n\t\t\t\t\t\t\t\t\t\t\t\t\t\t\t\t\t\t\t\t\t\t\t\t\t<li>\r\n\t\t\t\t\t\t\t\tRapport de performance mensuel\t\t\t\t\t\t<\/li>\r\n\t\t\t\t\t\t\t\t\t\t\t\t\t\t\t\t\t\t\t\t\t\t\t\t\t<li>\r\n\t\t\t\t\t\t\t\tAcc\u00e8s aux modules\t\t\t\t\t\t<\/li>\r\n\t\t\t\t<\/ul>\r\n\t\t\t<a href=\"\" target=\"_self\" role=\"button\" rel=\"noopener noreferrer\">\r\n\t\t\t\t\t\t\tAbonnez-vous\r\n\t\t<\/a>\r\n\t\t\t\t<h4>PPC<\/h4>\r\n\t\t\t\t<h2>\r\n\t\t\t\t\t$149\t\t\t\t\t\t\t\t\t<\/h2>\r\n\t\t\t\t<ul>\r\n\t\t\t\t\t\t\t\t\t\t\t\t\t\t\t\t\t\t<li>\r\n\t\t\t\t\t\t\t\tTout dans le forfait Essentiel\t\t\t\t\t\t<\/li>\r\n\t\t\t\t\t\t\t\t\t\t\t\t\t\t\t\t\t\t\t\t\t\t\t\t\t<li>\r\n\t\t\t\t\t\t\t\tForfait de r\u00e9f\u00e9rencement SEO+\t\t\t\t\t\t<\/li>\r\n\t\t\t\t\t\t\t\t\t\t\t\t\t\t\t\t\t\t\t\t\t\t\t\t\t<li>\r\n\t\t\t\t\t\t\t\tRapport de performance mensuel\t\t\t\t\t\t<\/li>\r\n\t\t\t\t\t\t\t\t\t\t\t\t\t\t\t\t\t\t\t\t\t\t\t\t\t<li>\r\n\t\t\t\t\t\t\t\tAcc\u00e8s aux modules\t\t\t\t\t\t<\/li>\r\n\t\t\t\t<\/ul>\r\n\t\t\t<a href=\"\" target=\"_self\" role=\"button\" rel=\"noopener noreferrer\">\r\n\t\t\t\t\t\t\tAbonnez-vous\r\n\t\t<\/a>\r\n\t\t\t\t<h4>E-commerce<\/h4>\r\n\t\t\t\t<h2>\r\n\t\t\t\t\t$169\t\t\t\t\t\t\t\t\t<\/h2>\r\n\t\t\t\t<ul>\r\n\t\t\t\t\t\t\t\t\t\t\t\t\t\t\t\t\t\t<li>\r\n\t\t\t\t\t\t\t\tTout dans le forfait Essentiel\t\t\t\t\t\t<\/li>\r\n\t\t\t\t\t\t\t\t\t\t\t\t\t\t\t\t\t\t\t\t\t\t\t\t\t<li>\r\n\t\t\t\t\t\t\t\tForfait de r\u00e9f\u00e9rencement SEO+\t\t\t\t\t\t<\/li>\r\n\t\t\t\t\t\t\t\t\t\t\t\t\t\t\t\t\t\t\t\t\t\t\t\t\t<li>\r\n\t\t\t\t\t\t\t\tRapport de performance mensuel\t\t\t\t\t\t<\/li>\r\n\t\t\t\t\t\t\t\t\t\t\t\t\t\t\t\t\t\t\t\t\t\t\t\t\t<li>\r\n\t\t\t\t\t\t\t\tAcc\u00e8s aux modules\t\t\t\t\t\t<\/li>\r\n\t\t\t\t<\/ul>\r\n\t\t\t<a href=\"\" target=\"_self\" role=\"button\" rel=\"noopener noreferrer\">\r\n\t\t\t\t\t\t\tAbonnez-vous\r\n\t\t<\/a>\r\n<h2>\r\n\t\tComment \u00e7a fonctionne\r\n\t<\/h2>\r\n\t<p>Notre programme d&#8217;entretien se passe en 3 simples \u00e9tapes.<\/p>\r\n\t\t\t\t\t\t\t\t\t\t\t\t\t\t\t<h3>1<\/h3>\r\n\t\t\t\t\t\t<p>D\u00e9couverte<\/p>\t\t\t\t\t\r\n\t\t\t<!-- END .front -->\r\n\t\t\t\t\t\t\t\t\t\t<h3>Automatisation<\/h3>\r\n\t\t\t\t\t\t<p>Installation et configuration des modules compl\u00e9mentaires pour faciliter les mises \u00e0 jour et sauvegarde automatiques.<\/p>\t\t\t\t\t\r\n\t\t\t<!-- END .back -->\r\n\t\t <!-- ifb-flip-box -->\r\n\t <!-- flip-box -->\r\n\t\t\t\t\t\t\t\t\t\t\t\t\t\t\t<h3>2<\/h3>\r\n\t\t\t\t\t\t<p>Consultation<\/p>\t\t\t\t\t\r\n\t\t\t<!-- END .front -->\r\n\t\t\t\t\t\t\t\t\t\t<h3>Optimisation<\/h3>\r\n\t\t\t\t\t\t<p>Analyse et optimisation de la performance du site et de sa s\u00e9curit\u00e9.<\/p>\t\t\t\t\t\r\n\t\t\t<!-- END .back -->\r\n\t\t <!-- ifb-flip-box -->\r\n\t <!-- flip-box -->\r\n\t\t\t\t\t\t\t\t\t\t\t\t\t\t\t<h3>3<\/h3>\r\n\t\t\t\t\t\t<p>Analyze<\/p>\t\t\t\t\t\r\n\t\t\t<!-- END .front -->\r\n\t\t\t\t\t\t\t\t\t\t<h3>V\u00e9rification<\/h3>\r\n\t\t\t\t\t\t<p>V\u00e9rification active du site incluant son \u00e9tat de s\u00e9curit\u00e9 et le succ\u00e8s des mises \u00e0 jour.<\/p>\t\t\t\t\t\r\n\t\t\t<!-- END .back -->\r\n\t\t <!-- ifb-flip-box -->\r\n\t <!-- flip-box -->\r\n\t\t\t<a href=\"#\" id=\"fl-accordion--label-0\" tabindex=\"0\" aria-controls=\"fl-accordion--panel-0\">Est-ce que vous offrez des remboursements?<\/a>\r\n\t\t\t\t\t\t\t<a href=\"#\" id=\"fl-accordion--icon-0\" tabindex=\"0\" aria-controls=\"fl-accordion--panel-0\"><i>Expand<\/i><\/a>\r\n\t\t<p>Non. Par contre tous nos forfaits sont offerts \u00e0 base mensuelle sans aucune obligation \u00e0 long-terme. Vous contr\u00f4lez le renouvellement automatique de votre abonnement par l&#8217;entremise du votre compte.<\/p>\r\n\t\t\t<a href=\"#\" id=\"fl-accordion--label-1\" tabindex=\"0\" aria-controls=\"fl-accordion--panel-1\">Qu&#8217;est-ce qui arrive \u00e0 mes cr\u00e9dits si je ne les utilises pas?<\/a>\r\n\t\t\t\t\t\t\t<a href=\"#\" id=\"fl-accordion--icon-1\" tabindex=\"0\" aria-controls=\"fl-accordion--panel-1\"><i>Expand<\/i><\/a>\r\n\t\t<p>Vous pouvez gardez vos cr\u00e9dits en banque dans l&#8217;ann\u00e9e courante de votre abonnement tant que vous maintenez votre abonnement.<\/p>\r\n\t\t\t<a href=\"#\" id=\"fl-accordion--label-2\" tabindex=\"0\" aria-controls=\"fl-accordion--panel-2\">Quisque velit nisi, pretium ut lacinia in?<\/a>\r\n\t\t\t\t\t\t\t<a href=\"#\" id=\"fl-accordion--icon-2\" tabindex=\"0\" aria-controls=\"fl-accordion--panel-2\"><i>Expand<\/i><\/a>\r\n\t\t<p>Proin eget tortor risus. Proin eget tortor risus. Donec rutrum congue leo eget malesuada. Curabitur arcu erat, accumsan id imperdiet et, porttitor at sem.<\/p>\r\n\t\t\t<a href=\"#\" id=\"fl-accordion--label-3\" tabindex=\"0\" aria-controls=\"fl-accordion--panel-3\">Quisque velit nisi, pretium ut lacinia in?<\/a>\r\n\t\t\t\t\t\t\t<a href=\"#\" id=\"fl-accordion--icon-3\" tabindex=\"0\" aria-controls=\"fl-accordion--panel-3\"><i>Expand<\/i><\/a>\r\n\t\t<p>Proin eget tortor risus. Proin eget tortor risus. Donec rutrum congue leo eget malesuada. Curabitur arcu erat, accumsan id imperdiet et, porttitor at sem.<\/p>\r\n\t\t\t<h4>Vous avez encore des questions?<\/h4>\t\t\t\r\n\t\t\t\t<p><a title=\"Contactez-nous\"><strong>Contactez-nous<\/strong><\/a> d\u00e8s maintenant pour une d\u00e9monstration personnalis\u00e9.<\/p>\r\n\t\t\t<h2>Questions fr\u00e9quentes<\/h2>\r\n\t\t\t\t<p>Perron Media offre un large \u00e9ventail de services pour vous aider \u00e0 la mise en march\u00e9 de votre entreprise. De la planification \u00e0 la cr\u00e9ation de votre image de marque ainsi qu\u2019une gamme compl\u00e8te de solutions marketing, notre \u00e9quipe d\u2019experts travaillera avec vous afin de trouver la solution id\u00e9ale pour votre entreprise.<\/p>\r\n<h5>\r\n\t\tAn H5 additional context title\r\n\t<\/h5>\r\n<h2>\r\n\t\tAssurez le succ\u00e8s de votre entreprise et laissez le bon fonctionnement de votre site web \u00e0 nous\r\n\t<\/h2>\r\n\t<p>Nos services Gestion+ vous donne acc\u00e8s \u00e0 une ressource experte pour accomplir des t\u00e2ches essentiels sur votre site web sans l&#8217;investissement n\u00e9cessaire \u00e0 un l&#8217;embauche d&#8217;un administrateur.<\/p>\r\n\t\t\t<a href=\"#\" target=\"_self\" role=\"button\" rel=\"noopener noreferrer\">\r\n\t\t\t\t\t\t\tAbonnez vous d\u00e8s maintenant !\r\n\t\t<\/a>\r\n\t\t\t\t<img loading=\"lazy\" decoding=\"async\" src=\"https:\/\/perronmedia.com\/wp-content\/uploads\/\/perron-media-custom-analytics-dashboard-1100x733.jpg\" alt=\"Young businessman working on laptop with diagram graph on computer.Business strategic planning.research information data concepts ideas\" itemprop=\"image\" height=\"733\" width=\"1100\" title=\"Young businessman working on laptop with diagram graph on comput\" onerror=\"this.style.display='none'\"  \/>\r\n","protected":false},"excerpt":{"rendered":"<p>Apprenez en plus au sujet de nos services Donn\u00e9es concurrentielles Analyze et strat\u00e9gie Vous avez besoin d&#8217;aide avec la gestion de votre site web? Nos forfaits de gestion vous donne acc\u00e8s \u00e0 une ressource experte pour accomplir une vari\u00e9t\u00e9 de t\u00e2ches sur votre site web tels que la gestion de contenu, la mise-\u00e0-jour ou la [&hellip;]<\/p>\n","protected":false},"author":1,"featured_media":0,"parent":2400,"menu_order":0,"comment_status":"closed","ping_status":"closed","template":"","meta":{"_acf_changed":false,"site-sidebar-layout":"default","site-content-layout":"default","ast-site-content-layout":"default","site-content-style":"default","site-sidebar-style":"default","ast-global-header-display":"","ast-banner-title-visibility":"","ast-main-header-display":"","ast-hfb-above-header-display":"","ast-hfb-below-header-display":"","ast-hfb-mobile-header-display":"","site-post-title":"disabled","ast-breadcrumbs-content":"","ast-featured-img":"disabled","footer-sml-layout":"","ast-disable-related-posts":"","theme-transparent-header-meta":"default","adv-header-id-meta":"","stick-header-meta":"default","header-above-stick-meta":"","header-main-stick-meta":"","header-below-stick-meta":"","astra-migrate-meta-layouts":"default","ast-page-background-enabled":"default","ast-page-background-meta":{"desktop":{"background-color":"","background-image":"","background-repeat":"repeat","background-position":"center center","background-size":"auto","background-attachment":"scroll","background-type":"","background-media":"","overlay-type":"","overlay-color":"","overlay-opacity":"","overlay-gradient":""},"tablet":{"background-color":"","background-image":"","background-repeat":"repeat","background-position":"center center","background-size":"auto","background-attachment":"scroll","background-type":"","background-media":"","overlay-type":"","overlay-color":"","overlay-opacity":"","overlay-gradient":""},"mobile":{"background-color":"","background-image":"","background-repeat":"repeat","background-position":"center center","background-size":"auto","background-attachment":"scroll","background-type":"","background-media":"","overlay-type":"","overlay-color":"","overlay-opacity":"","overlay-gradient":""}},"ast-content-background-meta":{"desktop":{"background-color":"var(--ast-global-color-5)","background-image":"","background-repeat":"repeat","background-position":"center center","background-size":"auto","background-attachment":"scroll","background-type":"","background-media":"","overlay-type":"","overlay-color":"","overlay-opacity":"","overlay-gradient":""},"tablet":{"background-color":"var(--ast-global-color-5)","background-image":"","background-repeat":"repeat","background-position":"center center","background-size":"auto","background-attachment":"scroll","background-type":"","background-media":"","overlay-type":"","overlay-color":"","overlay-opacity":"","overlay-gradient":""},"mobile":{"background-color":"var(--ast-global-color-5)","background-image":"","background-repeat":"repeat","background-position":"center center","background-size":"auto","background-attachment":"scroll","background-type":"","background-media":"","overlay-type":"","overlay-color":"","overlay-opacity":"","overlay-gradient":""}},"footnotes":""},"class_list":["post-2409","page","type-page","status-publish","hentry"],"acf":[],"_links":{"self":[{"href":"https:\/\/perronmedia.com\/en\/wp-json\/wp\/v2\/pages\/2409","targetHints":{"allow":["GET"]}}],"collection":[{"href":"https:\/\/perronmedia.com\/en\/wp-json\/wp\/v2\/pages"}],"about":[{"href":"https:\/\/perronmedia.com\/en\/wp-json\/wp\/v2\/types\/page"}],"author":[{"embeddable":true,"href":"https:\/\/perronmedia.com\/en\/wp-json\/wp\/v2\/users\/1"}],"replies":[{"embeddable":true,"href":"https:\/\/perronmedia.com\/en\/wp-json\/wp\/v2\/comments?post=2409"}],"version-history":[{"count":1,"href":"https:\/\/perronmedia.com\/en\/wp-json\/wp\/v2\/pages\/2409\/revisions"}],"predecessor-version":[{"id":2410,"href":"https:\/\/perronmedia.com\/en\/wp-json\/wp\/v2\/pages\/2409\/revisions\/2410"}],"up":[{"embeddable":true,"href":"https:\/\/perronmedia.com\/en\/wp-json\/wp\/v2\/pages\/2400"}],"wp:attachment":[{"href":"https:\/\/perronmedia.com\/en\/wp-json\/wp\/v2\/media?parent=2409"}],"curies":[{"name":"wp","href":"https:\/\/api.w.org\/{rel}","templated":true}]}}