{"id":2406,"date":"2020-03-24T22:38:39","date_gmt":"2020-03-25T02:38:39","guid":{"rendered":"https:\/\/sts.perronmedia.com\/referencement-seo\/"},"modified":"2020-10-18T16:02:04","modified_gmt":"2020-10-18T20:02:04","slug":"seo","status":"publish","type":"page","link":"https:\/\/perronmedia.com\/en\/seo\/","title":{"rendered":"SEO+"},"content":{"rendered":"<h1>\n\t\tSEO+\n\t<\/h1>\n\t\t<h3>Seach Engine Optimization<\/h3>\t\t\n\t\t\t<p>Vous avez besoin d&#8217;aide avec la gestion de votre site web? Nos forfaits de gestion vous donne acc\u00e8s \u00e0 une ressource experte pour accomplir une vari\u00e9t\u00e9 de t\u00e2ches sur votre site web tels que la gestion de contenu, la mise-\u00e0-jour ou la sauvegarde du site et le soutien technique.<\/p>\n\t\t\t<a href=\"#forfaits\" target=\"_self\" role=\"button\" rel=\"nofollow noopener noreferrer\">\n\t\t\t\t\t\t\tVoir les forfaits\n\t\t\t\t\t<\/a>\n\t<a href=\"#services\" target=\"_self\" rel=\"nofollow noopener noreferrer\"><\/a> \n\t\tLearn More About Our SEO Services\t\t\t\n<h2>\n\t\tHelp Your Website Reach It&#8217;s Full Potential\n\t<\/h2>\n\t\t\t\t<img decoding=\"async\" src=\"https:\/\/perronmedia.com\/wp-content\/uploads\/perron-media-security.png\" alt=\"perron-media-security\" title=\"perron-media-security\" itemprop=\"image\"\/>\n\t\t\t<h3>SEO Audit<\/h3>\t\t\t\n\t\t\t\t<p>Assurez le bon fonctionnement de votre site avec tels que les mises-\u00e0-jour et la sauvegarde du site, l&#8217;optimisation la et s\u00e9curisation.<\/p>\n\t\t\t\t<img decoding=\"async\" src=\"https:\/\/perronmedia.com\/wp-content\/uploads\/perron-media-coding-development.png\" alt=\"perron-media-coding-development\" title=\"perron-media-coding-development\" itemprop=\"image\"\/>\n\t\t\t<h3>Keyword Research<\/h3>\t\t\t\n\t\t\t\t<p>Nous effectuons une analyse des mots-cl\u00e9s les plus pertinents pour votre activit\u00e9. Nous d\u00e9finissons les mots-cl\u00e9s les plus souvent recherch\u00e9s et ceux sur lesquels se positionnent vos concurrents.<\/p>\n\t\t\t\t<img decoding=\"async\" src=\"https:\/\/perronmedia.com\/wp-content\/uploads\/perron-media-coding-development.png\" alt=\"perron-media-coding-development\" title=\"perron-media-coding-development\" itemprop=\"image\"\/>\n\t\t\t<h3>Competitor Insights<\/h3>\t\t\t\n\t\t\t\t<p>Assurez le bon fonctionnement de votre site avec tels que les mises-\u00e0-jour et la sauvegarde du site, l&#8217;optimisation la et s\u00e9curisation.<\/p>\n\t\t\t\t<img decoding=\"async\" src=\"https:\/\/perronmedia.com\/wp-content\/uploads\/perron-media-integration.png\" alt=\"perron-media-integration\" title=\"perron-media-integration\" itemprop=\"image\"\/>\n\t\t\t<h3>Organic Search Optimization<\/h3>\t\t\t\n\t\t\t\t<p>Assurez le bon fonctionnement de votre site avec tels que les mises-\u00e0-jour et la sauvegarde du site, l&#8217;optimisation la et s\u00e9curisation.<\/p>\n\t\t\t\t<img decoding=\"async\" src=\"https:\/\/perronmedia.com\/wp-content\/uploads\/perron-media-performance.png\" alt=\"perron-media-performance\" title=\"perron-media-performance\" itemprop=\"image\"\/>\n\t\t\t<h3>Technical Optimization<\/h3>\t\t\t\n\t\t\t\t<p>Nous optimisions les titres, URLs, m\u00e9ta-descriptions, mots-cl\u00e9s de vos pages afin d\u2019assurer une meilleure indexation par les moteurs de recherche. Nous \u00e9tudions comment Google voit votre site en utilisant son service Google Analytics et les outils d\u2019analyses SEO.<\/p>\n\t\t\t\t<img decoding=\"async\" src=\"https:\/\/perronmedia.com\/wp-content\/uploads\/perron-media-performance.png\" alt=\"perron-media-performance\" title=\"perron-media-performance\" itemprop=\"image\"\/>\n\t\t\t<h3>Rank Tracking<\/h3>\t\t\t\n\t\t\t\t<p>Assurez le bon fonctionnement de votre site avec tels que les mises-\u00e0-jour et la sauvegarde du site, l&#8217;optimisation la et s\u00e9curisation.<\/p>\n<h2>\n\t\tChoose The Plan That&#8217;s Right For You\n\t<\/h2>\n\t\t\t\t\t\t\t<h4>Optimisation<\/h4>\n\t\t\t\t\t\t\t\t\t<h2>\n\t\t\t\t\t$125\t\t\t\t\t\t\t\t\t\t\tone-time\n\t\t\t\t\t\t\t\t\t\t\t<\/h2>\n\t\t\t\t\t\t\t\t<ul>\n\t\t\t\t\t\t\t\t\t\t\t\t\t\t\t\t\t\t<li>\n\t\t\t\t\t\t\t\t\t\t\t\t\t\t\t\t\tDurcissement de la s\u00e9curit\u00e9\t\t\t\t\t\n\t\t\t\t\t\t<\/li>\n\t\t\t\t\t\t\t\t\t\t\t\t\t\t\t\t\t\t\t\t\t\t\t\t\t<li>\n\t\t\t\t\t\t\t\t\t\t\t\t\t\t\t\t\tAutomatisation des mises-\u00e0-jour\t\t\t\t\t\n\t\t\t\t\t\t<\/li>\n\t\t\t\t\t\t\t\t\t\t\t\t\t\t\t\t\t\t\t\t\t\t\t\t\t<li>\n\t\t\t\t\t\t\t\t\t\t\t\t\t\t\t\t\tAutomatisation de la sauvegarde\t\t\t\t\t\n\t\t\t\t\t\t<\/li>\n\t\t\t\t\t\t\t\t\t\t\t\t\t\t\t\t\t\t\t\t\t\t\t\t\t<li>\n\t\t\t\t\t\t\t\t\t\t\t\t\t\t\t\t\tOptimisation technique\t\t\t\t\t\n\t\t\t\t\t\t<\/li>\n\t\t\t\t<\/ul>\n\t\t\t<a href=\"\" target=\"_self\" role=\"button\" rel=\"noopener noreferrer\">\n\t\t\t\t\t\t\tD\u00e9butez\n\t\t<\/a>\n\t\t\t\t\t\t\t<h4>Essential<\/h4>\n\t\t\t\t\t\t\t\t\t<h2>\n\t\t\t\t\t$45\t\t\t\t\t\t\t\t\t\t\t\/ month\n\t\t\t\t\t\t\t\t\t\t\t<\/h2>\n\t\t\t\t\t\t\t\t<ul>\n\t\t\t\t\t\t\t\t\t\t\t\t\t\t\t\t\t\t<li>\n\t\t\t\t\t\t\t\t\t\t\t\t\t\t\t\t\tS\u00e9curit\u00e9 active\t\t\t\t\t\n\t\t\t\t\t\t<\/li>\n\t\t\t\t\t\t\t\t\t\t\t\t\t\t\t\t\t\t\t\t\t\t\t\t\t<li>\n\t\t\t\t\t\t\t\t\t\t\t\t\t\t\t\t\tMises-\u00e0-jour v\u00e9rifi\u00e9s\t\t\t\t\t\n\t\t\t\t\t\t<\/li>\n\t\t\t\t\t\t\t\t\t\t\t\t\t\t\t\t\t\t\t\t\t\t\t\t\t<li>\n\t\t\t\t\t\t\t\t\t\t\t\t\t\t\t\t\tSauvegarde externe\t\t\t\t\t\n\t\t\t\t\t\t<\/li>\n\t\t\t\t\t\t\t\t\t\t\t\t\t\t\t\t\t\t\t\t\t\t\t\t\t<li>\n\t\t\t\t\t\t\t\t\t\t\t\t\t\t\t\t\tOptimisation technique\t\t\t\t\t\n\t\t\t\t\t\t<\/li>\n\t\t\t\t<\/ul>\n\t\t\t<a href=\"\" target=\"_self\" role=\"button\" rel=\"noopener noreferrer\">\n\t\t\t\t\t\t\tD\u00e9butez\n\t\t<\/a>\n\t\t\t\t\t\t\t<h4>Growth<\/h4>\n\t\t\t\t\t\t\t\t\t<h2>\n\t\t\t\t\t$85\t\t\t\t\t\t\t\t\t\t\t\/ month\n\t\t\t\t\t\t\t\t\t\t\t<\/h2>\n\t\t\t\t\t\t\t\t<ul>\n\t\t\t\t\t\t\t\t\t\t\t\t\t\t\t\t\t\t<li>\n\t\t\t\t\t\t\t\t\t\t\t\t\t\t\t\t\tTout dans le forfait Essentiel\t\t\t\t\t\n\t\t\t\t\t\t<\/li>\n\t\t\t\t\t\t\t\t\t\t\t\t\t\t\t\t\t\t\t\t\t\t\t\t\t<li>\n\t\t\t\t\t\t\t\t\t\t\t\t\t\t\t\t\tForfait de r\u00e9f\u00e9rencement SEO+\t\t\t\t\t\n\t\t\t\t\t\t<\/li>\n\t\t\t\t\t\t\t\t\t\t\t\t\t\t\t\t\t\t\t\t\t\t\t\t\t<li>\n\t\t\t\t\t\t\t\t\t\t\t\t\t\t\t\t\tRapport de performance mensuel\t\t\t\t\t\n\t\t\t\t\t\t<\/li>\n\t\t\t\t\t\t\t\t\t\t\t\t\t\t\t\t\t\t\t\t\t\t\t\t\t<li>\n\t\t\t\t\t\t\t\t\t\t\t\t\t\t\t\t\tAcc\u00e8s aux modules\t\t\t\t\t\n\t\t\t\t\t\t<\/li>\n\t\t\t\t<\/ul>\n\t\t\t<a href=\"\" target=\"_self\" role=\"button\" rel=\"noopener noreferrer\">\n\t\t\t\t\t\t\tD\u00e9butez\n\t\t<\/a>\n\t<p>Need a custom solution? , <strong><a title=\"Contactez-nous d\u00e8s maintenant\" href=\"#contact\">Contact us today<\/a><\/strong> to discuss a personalized plan.<\/p>\n\t\t\t<a href=\"#\" id=\"fl-accordion--label-0\" tabindex=\"0\" aria-controls=\"fl-accordion--panel-0\">Est-ce que vous offrez des remboursements?<\/a>\n\t\t\t\t\t\t\t<a href=\"#\" id=\"fl-accordion--icon-0\" tabindex=\"0\" aria-controls=\"fl-accordion--panel-0\"><i>Expand<\/i><\/a>\n\t\t<p>Non. Par contre tous nos forfaits sont offerts \u00e0 base mensuelle sans aucune obligation \u00e0 long-terme. Vous contr\u00f4lez le renouvellement automatique de votre abonnement par l&#8217;entremise du votre compte.<\/p>\n\t\t\t<a href=\"#\" id=\"fl-accordion--label-1\" tabindex=\"0\" aria-controls=\"fl-accordion--panel-1\">Qu&#8217;est-ce qui arrive \u00e0 mes cr\u00e9dits si je ne les utilises pas?<\/a>\n\t\t\t\t\t\t\t<a href=\"#\" id=\"fl-accordion--icon-1\" tabindex=\"0\" aria-controls=\"fl-accordion--panel-1\"><i>Expand<\/i><\/a>\n\t\t<p>Vous pouvez gardez vos cr\u00e9dits en banque dans l&#8217;ann\u00e9e courante de votre abonnement tant que vous maintenez votre abonnement.<\/p>\n\t\t\t<a href=\"#\" id=\"fl-accordion--label-2\" tabindex=\"0\" aria-controls=\"fl-accordion--panel-2\">Quisque velit nisi, pretium ut lacinia in?<\/a>\n\t\t\t\t\t\t\t<a href=\"#\" id=\"fl-accordion--icon-2\" tabindex=\"0\" aria-controls=\"fl-accordion--panel-2\"><i>Expand<\/i><\/a>\n\t\t<p>Proin eget tortor risus. Proin eget tortor risus. Donec rutrum congue leo eget malesuada. Curabitur arcu erat, accumsan id imperdiet et, porttitor at sem.<\/p>\n\t\t\t<a href=\"#\" id=\"fl-accordion--label-3\" tabindex=\"0\" aria-controls=\"fl-accordion--panel-3\">Quisque velit nisi, pretium ut lacinia in?<\/a>\n\t\t\t\t\t\t\t<a href=\"#\" id=\"fl-accordion--icon-3\" tabindex=\"0\" aria-controls=\"fl-accordion--panel-3\"><i>Expand<\/i><\/a>\n\t\t<p>Proin eget tortor risus. Proin eget tortor risus. Donec rutrum congue leo eget malesuada. Curabitur arcu erat, accumsan id imperdiet et, porttitor at sem.<\/p>\n\t\t\t<h4>Inclut avec ce forfait<\/h4>\t\t\t\n\t\t\t\t<p>Formation, h\u00e9b\u00e8rgement, soutien technique et entretien, optimisation.<\/p>\n\t\t\t<h2>Frequently Asked Questions<\/h2>\n\t\t\t\t<p>Perron Media offre un large \u00e9ventail de services pour vous aider \u00e0 la mise en march\u00e9 de votre entreprise. De la planification \u00e0 la cr\u00e9ation de votre image de marque ainsi qu\u2019une gamme compl\u00e8te de solutions marketing, notre \u00e9quipe d\u2019experts travaillera avec vous afin de trouver la solution id\u00e9ale pour votre entreprise.<\/p>\n<p>Vous avez encore des questions? <a title=\"Contactez-nous\"><strong>Contactez-nous<\/strong><\/a> d\u00e8s maintenant pour une d\u00e9monstration personnalis\u00e9.<\/p>\n\t\t\t\t<img loading=\"lazy\" decoding=\"async\" src=\"https:\/\/perronmedia.com\/wp-content\/uploads\/perron-media-seo.jpg\" alt=\"Website designer working digital tablet and computer laptop with digital tablet and digital design diagram on wooden desk and compact server\" itemprop=\"image\" height=\"1280\" width=\"1920\" title=\"Website designer working digital tablet and computer laptop with\" onerror=\"this.style.display='none'\"  \/>\n<h2>\n\t\tAssistance et soutien web quand vous en avez de besoin\n\t<\/h2>\n\t<p>ensemble de techniques permettant de faire apparaitre votre site dans les r\u00e9sultats des moteurs de recherche. L\u2019optimisation SEO (Search Engine Optimization) de votre site web permet d\u2019obtenir une meilleure position, une meilleure visibilit\u00e9, avec pour objectif, plus de visites. ll est n\u00e9cessaire que votre site soit bien positionn\u00e9 dans les pages de r\u00e9sultats des moteurs de recherche pour attirer un maximum de visiteurs.<\/p>\n\t\t\t<a href=\"#\" target=\"_self\" role=\"button\" rel=\"noopener noreferrer\">\n\t\t\t\t\t\t\tMORE INFORMATION\n\t\t\t\t\t<\/a>\n","protected":false},"excerpt":{"rendered":"<p>SEO+ Seach Engine Optimization Vous avez besoin d&#8217;aide avec la gestion de votre site web? Nos forfaits de gestion vous donne acc\u00e8s \u00e0 une ressource experte pour accomplir une vari\u00e9t\u00e9 de t\u00e2ches sur votre site web tels que la gestion de contenu, la mise-\u00e0-jour ou la sauvegarde du site et le soutien technique. Voir les [&hellip;]<\/p>\n","protected":false},"author":1,"featured_media":0,"parent":0,"menu_order":0,"comment_status":"closed","ping_status":"closed","template":"","meta":{"_acf_changed":false,"site-sidebar-layout":"default","site-content-layout":"default","ast-site-content-layout":"default","site-content-style":"default","site-sidebar-style":"default","ast-global-header-display":"","ast-banner-title-visibility":"","ast-main-header-display":"","ast-hfb-above-header-display":"","ast-hfb-below-header-display":"","ast-hfb-mobile-header-display":"","site-post-title":"disabled","ast-breadcrumbs-content":"","ast-featured-img":"disabled","footer-sml-layout":"","ast-disable-related-posts":"","theme-transparent-header-meta":"default","adv-header-id-meta":"","stick-header-meta":"default","header-above-stick-meta":"","header-main-stick-meta":"","header-below-stick-meta":"","astra-migrate-meta-layouts":"default","ast-page-background-enabled":"default","ast-page-background-meta":{"desktop":{"background-color":"","background-image":"","background-repeat":"repeat","background-position":"center center","background-size":"auto","background-attachment":"scroll","background-type":"","background-media":"","overlay-type":"","overlay-color":"","overlay-opacity":"","overlay-gradient":""},"tablet":{"background-color":"","background-image":"","background-repeat":"repeat","background-position":"center center","background-size":"auto","background-attachment":"scroll","background-type":"","background-media":"","overlay-type":"","overlay-color":"","overlay-opacity":"","overlay-gradient":""},"mobile":{"background-color":"","background-image":"","background-repeat":"repeat","background-position":"center center","background-size":"auto","background-attachment":"scroll","background-type":"","background-media":"","overlay-type":"","overlay-color":"","overlay-opacity":"","overlay-gradient":""}},"ast-content-background-meta":{"desktop":{"background-color":"var(--ast-global-color-5)","background-image":"","background-repeat":"repeat","background-position":"center center","background-size":"auto","background-attachment":"scroll","background-type":"","background-media":"","overlay-type":"","overlay-color":"","overlay-opacity":"","overlay-gradient":""},"tablet":{"background-color":"var(--ast-global-color-5)","background-image":"","background-repeat":"repeat","background-position":"center center","background-size":"auto","background-attachment":"scroll","background-type":"","background-media":"","overlay-type":"","overlay-color":"","overlay-opacity":"","overlay-gradient":""},"mobile":{"background-color":"var(--ast-global-color-5)","background-image":"","background-repeat":"repeat","background-position":"center center","background-size":"auto","background-attachment":"scroll","background-type":"","background-media":"","overlay-type":"","overlay-color":"","overlay-opacity":"","overlay-gradient":""}},"footnotes":""},"class_list":["post-2406","page","type-page","status-publish","hentry"],"acf":[],"_links":{"self":[{"href":"https:\/\/perronmedia.com\/en\/wp-json\/wp\/v2\/pages\/2406","targetHints":{"allow":["GET"]}}],"collection":[{"href":"https:\/\/perronmedia.com\/en\/wp-json\/wp\/v2\/pages"}],"about":[{"href":"https:\/\/perronmedia.com\/en\/wp-json\/wp\/v2\/types\/page"}],"author":[{"embeddable":true,"href":"https:\/\/perronmedia.com\/en\/wp-json\/wp\/v2\/users\/1"}],"replies":[{"embeddable":true,"href":"https:\/\/perronmedia.com\/en\/wp-json\/wp\/v2\/comments?post=2406"}],"version-history":[{"count":2,"href":"https:\/\/perronmedia.com\/en\/wp-json\/wp\/v2\/pages\/2406\/revisions"}],"predecessor-version":[{"id":2432,"href":"https:\/\/perronmedia.com\/en\/wp-json\/wp\/v2\/pages\/2406\/revisions\/2432"}],"wp:attachment":[{"href":"https:\/\/perronmedia.com\/en\/wp-json\/wp\/v2\/media?parent=2406"}],"curies":[{"name":"wp","href":"https:\/\/api.w.org\/{rel}","templated":true}]}}